{"id":1744,"date":"2025-01-02T14:28:15","date_gmt":"2025-01-02T13:28:15","guid":{"rendered":"https:\/\/microbitverseny.eu\/?page_id=1744"},"modified":"2025-01-26T12:13:47","modified_gmt":"2025-01-26T11:13:47","slug":"a-versenyrol","status":"publish","type":"page","link":"https:\/\/microbit.inf.elte.hu\/microbitverseny2025\/a-versenyrol\/","title":{"rendered":"A versenyr\u0151l"},"content":{"rendered":"<div class=\"wp-block-image\">\n<figure class=\"alignleft size-large is-resized\"><img loading=\"lazy\" decoding=\"async\" width=\"1024\" height=\"1024\" src=\"https:\/\/microbit.inf.elte.hu\/microbitverseny2025\/wp-content\/uploads\/2025\/01\/microbit_v1_logo-1024x1024.png\" alt=\"Micro_Bit programoz\u00e1si verseny log\u00f3\" class=\"wp-image-2113\" style=\"width:400px\" srcset=\"https:\/\/microbit.inf.elte.hu\/microbitverseny2025\/wp-content\/uploads\/2025\/01\/microbit_v1_logo-1024x1024.png 1024w, https:\/\/microbit.inf.elte.hu\/microbitverseny2025\/wp-content\/uploads\/2025\/01\/microbit_v1_logo-300x300.png 300w, https:\/\/microbit.inf.elte.hu\/microbitverseny2025\/wp-content\/uploads\/2025\/01\/microbit_v1_logo-150x150.png 150w, https:\/\/microbit.inf.elte.hu\/microbitverseny2025\/wp-content\/uploads\/2025\/01\/microbit_v1_logo-768x768.png 768w, https:\/\/microbit.inf.elte.hu\/microbitverseny2025\/wp-content\/uploads\/2025\/01\/microbit_v1_logo-1536x1536.png 1536w, https:\/\/microbit.inf.elte.hu\/microbitverseny2025\/wp-content\/uploads\/2025\/01\/microbit_v1_logo-2048x2048.png 2048w, https:\/\/microbit.inf.elte.hu\/microbitverseny2025\/wp-content\/uploads\/2025\/01\/microbit_v1_logo-500x500.png 500w\" sizes=\"auto, (max-width: 1024px) 100vw, 1024px\" \/><\/figure><\/div>\n\n\n<p>A verseny c\u00e9lja, hogy a micro:bit programoz\u00e1s\u00e1ban j\u00e1rtas (vagy azt megismerni k\u00edv\u00e1n\u00f3) fels\u0151 tagozatos, illetve k\u00f6z\u00e9piskol\u00e1s di\u00e1kok kreat\u00edv, adott probl\u00e9ma k\u00f6r\u00e9 \u00e9p\u00fcl\u0151 feladatokat oldhassanak meg, \u00f6sszem\u00e9rve egym\u00e1ssal tud\u00e1sukat, illetve kreativit\u00e1sukat.<\/p>\n\n\n\n<p>A verseny 2 fordul\u00f3s. Az 1. fordul\u00f3ban bek\u00fcld\u00f6tt p\u00e1lyamunk\u00e1k alapj\u00e1n h\u00edvjuk meg a csapatokat a 2. fordul\u00f3ba (d\u00f6nt\u0151be), ahol szem\u00e9lyesen kell megoldaniuk a kiadott feladatokat. <\/p>\n\n\n\n<hr class=\"wp-block-separator has-alpha-channel-opacity\"\/>\n\n\n\n<p class=\"has-larger-font-size\">Az 1. fordul\u00f3 t\u00e9m\u00e1ja: <br><strong>Z\u0171r van az \u0171rben \u2013 Mentsd meg az \u0171rhaj\u00f3sokat!\u201d<\/strong><\/p>\n\n\n\n<p>Kerett\u00f6rt\u00e9net\u00fcnk szerint k\u00e9t asztronauta egy s\u00e9r\u00fclt \u0171r\u00e1llom\u00e1son ragadt. El kell menek\u00fclni\u00fck miel\u0151tt az \u00e1llom\u00e1s rendszerei teljesen le\u00e1llnak. Ehhez \u00f6sszehangoltan kell v\u00e9grehajtaniuk k\u00fcl\u00f6nb\u00f6z\u0151 feladatokat, hogy el\u00e9rj\u00e9k a ment\u0151kapszul\u00e1t \u00e9s biztons\u00e1gban hazat\u00e9rjenek.&nbsp;A feladatokat k\u00e9t, egym\u00e1ssal r\u00e1di\u00f3kapcsolaton kommunik\u00e1l\u00f3 micro:bit eszk\u00f6zzel kell megoldaniuk. A j\u00e1t\u00e9kmenet egy r\u00e9sze fix, amelyet meg kell val\u00f3s\u00edtani. Emellett a f\u0151 c\u00e9l a j\u00e1t\u00e9k\u00e9lm\u00e9ny fokoz\u00e1sa, \u00faj p\u00e1ly\u00e1k kital\u00e1l\u00e1sa saj\u00e1t \u00f6tletek megval\u00f3s\u00edt\u00e1s\u00e1val.<\/p>\n\n\n\n<p class=\"has-larger-font-size\">Nevez\u00e9s<\/p>\n\n\n\n<p>A versenyben 2 f\u0151s csapatok vehetnek r\u00e9szt (k\u00e9t korcsoportban: fels\u0151 tagozatosok, k\u00f6z\u00e9piskol\u00e1sok), a feladatokat p\u00e1rmunk\u00e1ban kell elk\u00e9sz\u00edteni. Minden csapathoz tartozik egy felk\u00e9sz\u00edt\u0151 tan\u00e1r, aki regisztr\u00e1lja a csapatokat a versenyre, illetve seg\u00edti a munk\u00e1jukat.<\/p>\n\n\n\n<p class=\"has-larger-font-size\">Hat\u00e1rid\u0151k<\/p>\n\n\n\n<p><strong>A p\u00e1lyamunk\u00e1k felt\u00f6lt\u00e9si hat\u00e1rideje: 2025. \u00e1prilis 15. (kedd, 23:59)<\/strong><\/p>\n\n\n\n<p>A zs\u00fcri legk\u00e9s\u0151bb m\u00e1jus 16-ig \u00e9rt\u00e9keli a p\u00e1lyamunk\u00e1kat, majd \u00e9rtes\u00edti azon csapatokat, akiket megh\u00edv a d\u00f6nt\u0151be.<\/p>\n\n\n\n<p class=\"has-larger-font-size\">D\u00f6nt\u0151<\/p>\n\n\n\n<p><strong>A d\u00f6nt\u0151 helye \u00e9s ideje: <br><\/strong>2025. m\u00e1jus 30., ELTE Informatikai Kar (1117 Budapest, P\u00e1zm\u00e1ny P\u00e9ter s\u00e9t\u00e1ny 1\/C.)<\/p>\n\n\n\n<p>A csapatoknak a helysz\u00ednen kell megoldaniuk a kiadott feladatokat. A megold\u00e1sokat a zs\u0171ri a helysz\u00ednen \u00e9rt\u00e9keli, \u00e9s m\u00e9g aznap megt\u00f6rt\u00e9nik az eredm\u00e9nyhirdet\u00e9s is. A csapatok okleveleket \u00e9s t\u00e1rgyi nyerem\u00e9nyeket kapnak a szponzori felaj\u00e1nl\u00e1soknak k\u00f6sz\u00f6nhet\u0151en.<\/p>\n\n\n\n<p class=\"has-larger-font-size\">Szervez\u0151k<\/p>\n\n\n\n<p>A verseny koncepci\u00f3j\u00e1t, a feladatokat, a port\u00e1lt \u00e9s regisztr\u00e1ci\u00f3s rendszert Dr. Abonyi-T\u00f3th Andor \u00e9s Ga\u00e1l Bence (ELTE Informatikai Kar) dolgozt\u00e1k ki. A grafik\u00e1kat a ChatGPT seg\u00edts\u00e9g\u00e9vel hoztuk l\u00e9tre, helyenk\u00e9nt testreszabva azokat. A log\u00f3 ut\u00f3munk\u00e1j\u00e1n Vincze Dorottya dolgozott.<\/p>\n\n\n\n<p>A beadott p\u00e1lyamunk\u00e1k \u00e9rt\u00e9kel\u00e9s\u00e9be az ELTE Informatikai Kar\u00e1n tanul\u00f3, Informatikatan\u00e1r (Digit\u00e1lis kult\u00fara tan\u00e1ra) szakos hallgat\u00f3k (is) r\u00e9szt vesznek. El\u0151re is k\u00f6sz\u00f6nj\u00fck a munk\u00e1jukat!<\/p>\n","protected":false},"excerpt":{"rendered":"<p>A verseny c\u00e9lja, hogy a micro:bit programoz\u00e1s\u00e1ban j\u00e1rtas (vagy azt megismerni k\u00edv\u00e1n\u00f3) fels\u0151 tagozatos, illetve k\u00f6z\u00e9piskol\u00e1s di\u00e1kok kreat\u00edv, adott probl\u00e9ma k\u00f6r\u00e9 \u00e9p\u00fcl\u0151 feladatokat oldhassanak meg, \u00f6sszem\u00e9rve egym\u00e1ssal tud\u00e1sukat, illetve kreativit\u00e1sukat. A verseny 2 fordul\u00f3s. Az 1. fordul\u00f3ban bek\u00fcld\u00f6tt p\u00e1lyamunk\u00e1k alapj\u00e1n h\u00edvjuk meg a csapatokat a 2. fordul\u00f3ba (d\u00f6nt\u0151be), ahol szem\u00e9lyesen kell megoldaniuk a kiadott feladatokat. Az 1. fordul\u00f3 t\u00e9m\u00e1ja: Z\u0171r van az \u0171rben \u2013 Mentsd meg az \u0171rhaj\u00f3sokat!\u201d Kerett\u00f6rt\u00e9net\u00fcnk szerint k\u00e9t asztronauta egy s\u00e9r\u00fclt \u0171r\u00e1llom\u00e1son ragadt. El kell menek\u00fclni\u00fck miel\u0151tt az \u00e1llom\u00e1s rendszerei teljesen le\u00e1llnak. Ehhez \u00f6sszehangoltan kell v\u00e9grehajtaniuk k\u00fcl\u00f6nb\u00f6z\u0151 feladatokat, hogy el\u00e9rj\u00e9k a ment\u0151kapszul\u00e1t \u00e9s biztons\u00e1gban hazat\u00e9rjenek.&nbsp;A feladatokat k\u00e9t, egym\u00e1ssal r\u00e1di\u00f3kapcsolaton kommunik\u00e1l\u00f3 micro:bit eszk\u00f6zzel kell megoldaniuk. A j\u00e1t\u00e9kmenet egy r\u00e9sze fix, amelyet meg kell val\u00f3s\u00edtani. Emellett a f\u0151 c\u00e9l a j\u00e1t\u00e9k\u00e9lm\u00e9ny fokoz\u00e1sa, \u00faj p\u00e1ly\u00e1k kital\u00e1l\u00e1sa saj\u00e1t \u00f6tletek megval\u00f3s\u00edt\u00e1s\u00e1val. Nevez\u00e9s A versenyben 2 f\u0151s csapatok vehetnek r\u00e9szt (k\u00e9t korcsoportban: fels\u0151 tagozatosok, k\u00f6z\u00e9piskol\u00e1sok), a feladatokat p\u00e1rmunk\u00e1ban kell elk\u00e9sz\u00edteni. Minden csapathoz tartozik egy felk\u00e9sz\u00edt\u0151 tan\u00e1r, aki regisztr\u00e1lja a csapatokat a versenyre, illetve seg\u00edti a munk\u00e1jukat. Hat\u00e1rid\u0151k A p\u00e1lyamunk\u00e1k felt\u00f6lt\u00e9si hat\u00e1rideje: 2025. \u00e1prilis 15. (kedd, 23:59) A zs\u00fcri legk\u00e9s\u0151bb m\u00e1jus 16-ig \u00e9rt\u00e9keli a p\u00e1lyamunk\u00e1kat, majd \u00e9rtes\u00edti azon csapatokat, akiket megh\u00edv a d\u00f6nt\u0151be. D\u00f6nt\u0151 A d\u00f6nt\u0151 helye \u00e9s ideje: 2025. m\u00e1jus 30., ELTE Informatikai [&hellip;]<\/p>\n","protected":false},"author":1,"featured_media":0,"parent":0,"menu_order":0,"comment_status":"closed","ping_status":"closed","template":"","meta":{"_mc_calendar":[],"footnotes":""},"class_list":["post-1744","page","type-page","status-publish","hentry"],"aioseo_notices":[],"_links":{"self":[{"href":"https:\/\/microbit.inf.elte.hu\/microbitverseny2025\/wp-json\/wp\/v2\/pages\/1744","targetHints":{"allow":["GET"]}}],"collection":[{"href":"https:\/\/microbit.inf.elte.hu\/microbitverseny2025\/wp-json\/wp\/v2\/pages"}],"about":[{"href":"https:\/\/microbit.inf.elte.hu\/microbitverseny2025\/wp-json\/wp\/v2\/types\/page"}],"author":[{"embeddable":true,"href":"https:\/\/microbit.inf.elte.hu\/microbitverseny2025\/wp-json\/wp\/v2\/users\/1"}],"replies":[{"embeddable":true,"href":"https:\/\/microbit.inf.elte.hu\/microbitverseny2025\/wp-json\/wp\/v2\/comments?post=1744"}],"version-history":[{"count":22,"href":"https:\/\/microbit.inf.elte.hu\/microbitverseny2025\/wp-json\/wp\/v2\/pages\/1744\/revisions"}],"predecessor-version":[{"id":2431,"href":"https:\/\/microbit.inf.elte.hu\/microbitverseny2025\/wp-json\/wp\/v2\/pages\/1744\/revisions\/2431"}],"wp:attachment":[{"href":"https:\/\/microbit.inf.elte.hu\/microbitverseny2025\/wp-json\/wp\/v2\/media?parent=1744"}],"curies":[{"name":"wp","href":"https:\/\/api.w.org\/{rel}","templated":true}]}}