{"id":1942,"date":"2025-01-06T18:09:25","date_gmt":"2025-01-06T17:09:25","guid":{"rendered":"https:\/\/microbitverseny.eu\/?page_id=1942"},"modified":"2025-01-23T13:16:56","modified_gmt":"2025-01-23T12:16:56","slug":"feladatok","status":"publish","type":"page","link":"https:\/\/microbit.inf.elte.hu\/microbitverseny2025\/feladatok\/","title":{"rendered":"Feladatok"},"content":{"rendered":"\n<p>A feladatokat a jobb haszn\u00e1lhat\u00f3s\u00e1g kedv\u00e9\u00e9rt let\u00f6lthet\u0151 \u00e1llom\u00e1nyk\u00e9nt tessz\u00fck k\u00f6zz\u00e9. A PDF \u00e1llom\u00e1ny egyszer\u0171en kinyomtathat\u00f3, \u00e9s a sz\u00e1m\u00edt\u00f3g\u00e9p k\u00e9perny\u0151j\u00e9n is j\u00f3l kezelhet\u0151. <\/p>\n\n\n\n<p>\u00c9rdemes az\u00e9rt id\u0151nk\u00e9nt visszat\u00e9rni az oldalra, \u00e9s ellen\u0151r\u00edzni, hogy nincs-e \u00fajabb verzi\u00f3 a feladatsorb\u00f3l, amelyben n\u00e9h\u00e1ny kisebb kieg\u00e9sz\u00edt\u00e9s, jav\u00edt\u00e1s t\u00f6rt\u00e9nt. <\/p>\n\n\n\n<p><a href=\"https:\/\/microbit.inf.elte.hu\/microbitverseny2025\/wp-content\/uploads\/2025\/01\/microbitverseny_feladatlap_v1_20250122.pdf\" target=\"_blank\" rel=\"noopener\" title=\"\">A legfrissebb dokumentum let\u00f6lt\u00e9se (v1.0, 2025.01.22.)<\/a><\/p>\n\n\n\n<p>Az al\u00e1bbi k\u00e9pre kattintva a lapozhat\u00f3 v\u00e1ltozat t\u00f6lt\u0151dik be.<\/p>\n\n\n\n<figure class=\"wp-block-image size-full\"><a href=\"https:\/\/microbit.inf.elte.hu\/microbitverseny2025\/ipages\/flipbook\/1\" target=\"_blank\" rel=\" noreferrer noopener\"><img loading=\"lazy\" decoding=\"async\" width=\"607\" height=\"859\" src=\"https:\/\/microbit.inf.elte.hu\/microbitverseny2025\/wp-content\/uploads\/2025\/01\/borito.png\" alt=\"\" class=\"wp-image-2375\" srcset=\"https:\/\/microbit.inf.elte.hu\/microbitverseny2025\/wp-content\/uploads\/2025\/01\/borito.png 607w, https:\/\/microbit.inf.elte.hu\/microbitverseny2025\/wp-content\/uploads\/2025\/01\/borito-212x300.png 212w\" sizes=\"auto, (max-width: 607px) 100vw, 607px\" \/><\/a><\/figure>\n","protected":false},"excerpt":{"rendered":"<p>A feladatokat a jobb haszn\u00e1lhat\u00f3s\u00e1g kedv\u00e9\u00e9rt let\u00f6lthet\u0151 \u00e1llom\u00e1nyk\u00e9nt tessz\u00fck k\u00f6zz\u00e9. A PDF \u00e1llom\u00e1ny egyszer\u0171en kinyomtathat\u00f3, \u00e9s a sz\u00e1m\u00edt\u00f3g\u00e9p k\u00e9perny\u0151j\u00e9n is j\u00f3l kezelhet\u0151. \u00c9rdemes az\u00e9rt id\u0151nk\u00e9nt visszat\u00e9rni az oldalra, \u00e9s ellen\u0151r\u00edzni, hogy nincs-e \u00fajabb verzi\u00f3 a feladatsorb\u00f3l, amelyben n\u00e9h\u00e1ny kisebb kieg\u00e9sz\u00edt\u00e9s, jav\u00edt\u00e1s t\u00f6rt\u00e9nt. A legfrissebb dokumentum let\u00f6lt\u00e9se (v1.0, 2025.01.22.) Az al\u00e1bbi k\u00e9pre kattintva a lapozhat\u00f3 v\u00e1ltozat t\u00f6lt\u0151dik be.<\/p>\n","protected":false},"author":1,"featured_media":0,"parent":0,"menu_order":0,"comment_status":"closed","ping_status":"closed","template":"","meta":{"_mc_calendar":[],"footnotes":""},"class_list":["post-1942","page","type-page","status-publish","hentry"],"aioseo_notices":[],"_links":{"self":[{"href":"https:\/\/microbit.inf.elte.hu\/microbitverseny2025\/wp-json\/wp\/v2\/pages\/1942","targetHints":{"allow":["GET"]}}],"collection":[{"href":"https:\/\/microbit.inf.elte.hu\/microbitverseny2025\/wp-json\/wp\/v2\/pages"}],"about":[{"href":"https:\/\/microbit.inf.elte.hu\/microbitverseny2025\/wp-json\/wp\/v2\/types\/page"}],"author":[{"embeddable":true,"href":"https:\/\/microbit.inf.elte.hu\/microbitverseny2025\/wp-json\/wp\/v2\/users\/1"}],"replies":[{"embeddable":true,"href":"https:\/\/microbit.inf.elte.hu\/microbitverseny2025\/wp-json\/wp\/v2\/comments?post=1942"}],"version-history":[{"count":12,"href":"https:\/\/microbit.inf.elte.hu\/microbitverseny2025\/wp-json\/wp\/v2\/pages\/1942\/revisions"}],"predecessor-version":[{"id":2391,"href":"https:\/\/microbit.inf.elte.hu\/microbitverseny2025\/wp-json\/wp\/v2\/pages\/1942\/revisions\/2391"}],"wp:attachment":[{"href":"https:\/\/microbit.inf.elte.hu\/microbitverseny2025\/wp-json\/wp\/v2\/media?parent=1942"}],"curies":[{"name":"wp","href":"https:\/\/api.w.org\/{rel}","templated":true}]}}