{"id":1946,"date":"2025-01-06T18:10:19","date_gmt":"2025-01-06T17:10:19","guid":{"rendered":"https:\/\/microbitverseny.eu\/?page_id=1946"},"modified":"2025-01-22T16:40:45","modified_gmt":"2025-01-22T15:40:45","slug":"gyakori-kerdesek","status":"publish","type":"page","link":"https:\/\/microbit.inf.elte.hu\/microbitverseny2025\/gyakori-kerdesek\/","title":{"rendered":"Gyakori k\u00e9rd\u00e9sek"},"content":{"rendered":"\n<p><strong>Mi az a Micro:bit?<\/strong><\/p>\n\n\n\n<p>A BBC micro:bit egy kifejezetten oktat\u00e1si c\u00e9lra kifejlesztett, kism\u00e9ret\u0171, programozhat\u00f3 panel, be\u00e9p\u00edtett szenzorokkal (ir\u00e1nyt\u0171, gyorsul\u00e1sm\u00e9r\u0151, f\u00e9ny\u00e9rz\u00e9kel\u0151), LED-m\u00e1trix kijelz\u0151vel, ki\/bemeneti csatlakoz\u00f3kkal, Bluetooth technol\u00f3gi\u00e1val. Az eszk\u00f6z egyszer\u0171en haszn\u00e1lhat\u00f3, grafikus blokknyelv seg\u00edts\u00e9g\u00e9vel is programozhatjuk, hasonl\u00f3an a Scratch k\u00f6rnyezethez. <\/p>\n\n\n\n<p><strong>Kik vehetnek r\u00e9szt a Micro:bit programoz\u00e1si versenyben?<\/strong><\/p>\n\n\n\n<p>A versenyben Magyarorsz\u00e1gon m\u0171k\u00f6d\u0151 \u00e1ltal\u00e1nos iskol\u00e1k fels\u0151 tagozatos tanul\u00f3i, valamint k\u00f6z\u00e9piskol\u00e1s tanul\u00f3i vehetnek r\u00e9szt. Nevezni 2 f\u0151s csapattal lehet, \u00e1ltal\u00e1nos iskola fels\u0151 tagozatos, illetve k\u00f6z\u00e9piskol\u00e1s korcsoportban.<\/p>\n\n\n\n<p><strong>Lehet-e vegyes koroszt\u00e1ly\u00fa a csapat?<\/strong><\/p>\n\n\n\n<p>Igen. Ha egy csapatot egy fels\u0151 tagozatos \u00e9s egy k\u00f6z\u00e9piskol\u00e1s di\u00e1k alkot az adott int\u00e9zm\u00e9nyen bel\u00fcl, akkor a nevez\u00e9st a magasabb kateg\u00f3ri\u00e1ban kell beadni (k\u00f6z\u00e9piskola).<\/p>\n\n\n\n<p><strong>Lehet-e olyan, hogy a csapattagok nem ugyanazon iskol\u00e1ba j\u00e1rnak?<\/strong><\/p>\n\n\n\n<p>Nem lehet. Mindk\u00e9t csapattagnak ugyanabba az int\u00e9zm\u00e9nybe kell j\u00e1rnia. <\/p>\n\n\n\n<p><strong>Lehet-e  1 szem\u00e9lyes, vagy 3 f\u0151s csapattal indulni?<\/strong><\/p>\n\n\n\n<p>Nem lehet, a csapatoknak pontosan 2 f\u0151b\u0151l kell \u00e1llniuk.<\/p>\n\n\n\n<p><strong>Teh\u00e1t a verseny csak a micro:bitek programoz\u00e1s\u00e1r\u00f3l sz\u00f3l?<\/strong><\/p>\n\n\n\n<p>Nem igaz\u00e1n. A probl\u00e9mamegold\u00e1son van a hangs\u00faly, amelynek az eszk\u00f6ze lesz a micro:bit. A versenyz\u0151knek saj\u00e1t, kreat\u00edv feladatot is meg kell oldaniuk, dokument\u00e1lniuk kell az elk\u00e9sz\u00edtett programokat egy dokument\u00e1ci\u00f3 sablon kit\u00f6lt\u00e9s\u00e9vel, \u00e9s a kreat\u00edv feladatok eset\u00e9n vide\u00f3t is kell k\u00e9sz\u00edteni\u00fck. \u00c9s persze ami nagyon fontos, egy\u00fctt kell m\u0171k\u00f6dni\u00fck a csapatt\u00e1rsukkal, hat\u00e9konyan kell felosztaniuk egym\u00e1s k\u00f6z\u00f6tt a feladatokat, hogy hat\u00e1rid\u0151re min\u00e9l t\u00f6bb feladat megoldhat\u00f3 legyen.<\/p>\n\n\n\n<p><strong>Hogyan lehet nevezni a versenyre?<\/strong><\/p>\n\n\n\n<p>A csapatokat a felk\u00e9sz\u00edt\u0151 tan\u00e1r tudja nevezni a versenyre. El\u0151sz\u00f6r a felk\u00e9sz\u00edt\u0151 tan\u00e1rnak kell regisztr\u00e1lni mag\u00e1t a port\u00e1lra, majd a port\u00e1lra bel\u00e9pve a megfelel\u0151 men\u00fcpontban tal\u00e1lhat\u00f3 \u0171rlap kit\u00f6lt\u00e9s\u00e9vel kell a di\u00e1kokat beneveznie. A p\u00e1lyamunk\u00e1kat szint\u00e9n a port\u00e1lra bel\u00e9pve tudja majd felt\u00f6lteni a felk\u00e9sz\u00edt\u0151 tan\u00e1r.<\/p>\n\n\n\n<p><strong>A nevez\u00e9snek van hat\u00e1rideje?<\/strong><\/p>\n\n\n\n<p>A nevez\u00e9s folyamatosan t\u00f6rt\u00e9nik, de j\u00f3, ha min\u00e9l el\u0151bb kit\u00f6lt\u00e9sre ker\u00fcl az \u0171rlap. Aki felk\u00e9sz\u00edt\u0151i tan\u00e1ri szerepet v\u00e1llal, k\u00e9rj\u00fck min\u00e9l el\u0151bb regisztr\u00e1ljon a port\u00e1lra, mert fontos inform\u00e1ci\u00f3kat e-mailben is k\u00fcldeni fogunk.<\/p>\n\n\n\n<p><strong>Mi az elv\u00e1r\u00e1s a felk\u00e9sz\u00edt\u0151 tan\u00e1rt\u00f3l?<\/strong><\/p>\n\n\n\n<p>A tan\u00e1r feladata, hogy regisztr\u00e1lja mag\u00e1t a verseny port\u00e1lj\u00e1ra, illetve a csapatokat a versenyre. Emellett t\u00e1mogatnia kell a csapatokat abban, hogy a megadott hat\u00e1rid\u0151ig elk\u00e9sz\u00fcljenek a p\u00e1lyamunk\u00e1k. A tan\u00e1r konkr\u00e9t feladatokat nem oldhat meg, csak instru\u00e1lhatja a di\u00e1kokat. <\/p>\n\n\n\n<p>Az elk\u00e9sz\u00fclt p\u00e1lyamunk\u00e1kat szint\u00e9n a felk\u00e9sz\u00edt\u0151 tan\u00e1rnak kell felt\u00f6ltenie a port\u00e1lra a megadott hat\u00e1rid\u0151ig.<\/p>\n\n\n\n<p>A felk\u00e9sz\u00edt\u0151 tan\u00e1rral szemben nem felt\u00e9ltlen\u00fcl elv\u00e1r\u00e1s a digit\u00e1lis kult\u00fara \/ Informatika szak tan\u00edt\u00e1sa, azonban az eszk\u00f6z haszn\u00e1lat\u00e1nak, programoz\u00e1s\u00e1nak ismerete igen.<\/p>\n\n\n\n<p><strong>Pontosan milyen feladatokat kell megoldaniuk a csapatoknak?<\/strong><\/p>\n\n\n\n<p>A feladatok nyilv\u00e1nosan el\u00e9rhet\u0151ek a verseny port\u00e1lj\u00e1n.<\/p>\n\n\n\n<p><strong>Musz\u00e1j minden feladatot megoldani?<\/strong><\/p>\n\n\n\n<p>Nem musz\u00e1j, kevesebb feladat is beadhat\u00f3, mint ami a feladatlist\u00e1ban szerepel. De minimum 1 fix \u00e9s 1 kreat\u00edv feladatot be kell adni. Maxim\u00e1lisan 6 fix \u00e9s 3 kreat\u00edv feladat adhat\u00f3 be. <\/p>\n\n\n\n<p><strong>Mi az hogy fix, meg kreat\u00edv feladat?<\/strong><\/p>\n\n\n\n<p>A fix feladatokn\u00e1l mi adtuk meg, hogy az adott probl\u00e9m\u00e1t milyen m\u00f3don kell megoldani, \u00e9s mi a szerepe az egyes micro:biteknek. A kreat\u00edv feladatokat viszont maguk a csapatok tal\u00e1lj\u00e1k ki a feladatot, \u00e9s val\u00f3s\u00edtj\u00e1k meg. Mintha egy j\u00e1t\u00e9kot saj\u00e1t szintekkel, misszi\u00f3kkal eg\u00e9sz\u00edten\u00e9nek ki.<\/p>\n\n\n\n<p><strong>Melyik verzi\u00f3j\u00fa micro:biteket lehet haszn\u00e1lni?<\/strong><\/p>\n\n\n\n<p>A feladatokat a V1 \u00e9s V2 verzi\u00f3kkal is meg lehet oldani. A v\u00e9gs\u0151 projekt felt\u00f6lt\u00e9sekor lehet jelezni majd, hogy a program melyik verzi\u00f3j\u00fa micro:bitre k\u00e9sz\u00fclt.<\/p>\n\n\n\n<p><strong>Meddig kell felt\u00f6lteni a k\u00e9sz p\u00e1lyamunk\u00e1t?<\/strong><\/p>\n\n\n\n<p>A bead\u00e1si hat\u00e1rid\u0151: 2025. \u00e1prilis 15 (kedd, 23:59)<\/p>\n\n\n\n<p><strong>Mi t\u00f6rt\u00e9nik a p\u00e1lyamunk\u00e1k felt\u00f6lt\u00e9se ut\u00e1n?<\/strong><\/p>\n\n\n\n<p>A zs\u00fcri m\u00e1jus 16-ig \u00e9rt\u00e9keli a p\u00e1lyamunk\u00e1kat, majd \u00e9rtes\u00edti azon csapatokat, akiket megh\u00edv a d\u00f6nt\u0151be, melynek tervezett helye \u00e9s ideje: <br>2025. m\u00e1jus 30., ELTE Informatikai Kar (1117 Budapest, P\u00e1zm\u00e1ny P\u00e9ter s\u00e9t\u00e1ny 1\/C.)<\/p>\n\n\n\n<p>Azon csapatok, akik nem jutottak be a d\u00f6nt\u0151be, azonban el\u00e9rtek egy bizonyos pontsz\u00e1mot oklev\u00e9lben r\u00e9szes\u00fclnek, ahogy a felk\u00e9sz\u00edt\u0151 tan\u00e1raik is.<\/p>\n\n\n\n<p><strong>Mi t\u00f6rt\u00e9nik a beadott p\u00e1lyamunk\u00e1kkal?<\/strong><\/p>\n\n\n\n<p>A d\u00f6nt\u0151be bejutott csapatok p\u00e1lyamunk\u00e1it k\u00f6zz\u00e9tessz\u00fck a verseny port\u00e1lj\u00e1n.<\/p>\n\n\n\n<p><strong>Mi v\u00e1rhat\u00f3 a d\u00f6nt\u0151ben?<\/strong><\/p>\n\n\n\n<p>A csapatoknak a helysz\u00ednen kell megoldaniuk a kiadott feladatokat, az \u00e1ltalunk biztos\u00edtott eszk\u00f6z\u00f6k (sz\u00e1m\u00edt\u00f3g\u00e9pek, micro:bitek, kieg\u00e9sz\u00edt\u0151k) seg\u00edts\u00e9g\u00e9vel. A megold\u00e1sokat a zs\u0171ri a helysz\u00ednen \u00e9rt\u00e9keli, \u00e9s m\u00e9g aznap megt\u00f6rt\u00e9nik az eredm\u00e9nyhirdet\u00e9s is. A csapatok okleveleket \u00e9s t\u00e1rgyi nyerem\u00e9nyeket kapnak a szponzori felaj\u00e1nl\u00e1soknak k\u00f6sz\u00f6nhet\u0151en.<\/p>\n\n\n\n<p><\/p>\n\n\n\n<p><strong>MI a helyzet az MI-vel? Vagyis haszn\u00e1lhat\u00f3-e mesters\u00e9ges intelligencia?<\/strong><\/p>\n\n\n\n<p>Van, amikor kifejezetten k\u00e9rj\u00fck is az MI haszn\u00e1lat\u00e1t. P\u00e9ld\u00e1ul amikor a kreat\u00edv feladathoz egy megfelel\u0151 k\u00e9pet kell l\u00e9trehozni. Minden m\u00e1s esetben is azt k\u00e9rj\u00fck, hogy a dokument\u00e1ci\u00f3ban egy\u00e9rtelm\u0171en legyen jelezve, hogy az MI \u00e1ltal szolg\u00e1ltatottt eredm\u00e9nyeket hogyan haszn\u00e1lt\u00e1k fel a csapatok, mit \u00e9s hogyan m\u00f3dos\u00edtottatok a kapott inform\u00e1ci\u00f3k alapj\u00e1n.<\/p>\n\n\n\n<p><strong>Milyen d\u00edjakra lehet sz\u00e1m\u00edtani a d\u00f6nt\u0151ben?<\/strong><\/p>\n\n\n\n<p>Szponzorainknak k\u00f6sz\u00f6nhet\u0151en k\u00fcl\u00f6nb\u00f6z\u0151 t\u00e1rgynyerem\u00e9nyeket fogunk adni a verseny legjobbjainak.<\/p>\n\n\n\n<p><strong>Ki lesz a zs\u0171ri?<\/strong><\/p>\n\n\n\n<p>Az els\u0151 fordul\u00f3ba beadott p\u00e1lyamunk\u00e1k \u00e9rt\u00e9kel\u00e9s\u00e9ben az ELTE Informatikai Kar\u00e1nak oktat\u00f3i \u00e9s hallgat\u00f3i vesznek r\u00e9szt. A d\u00f6nt\u0151ben pedig m\u00e1r az ipari partnerek k\u00e9pvisel\u0151i is \u00e9rt\u00e9kelni fogj\u00e1k a munk\u00e1kat.<\/p>\n\n\n\n<p><strong>Nagyon tetszik a veseny, sz\u00edvesen t\u00e1mogatn\u00e1m szponzork\u00e9nt vagy t\u00e1rgyi felaj\u00e1nl\u00e1ssal, vagy p\u00e9nzeli hozz\u00e1j\u00e1rul\u00e1ssal.<\/strong><\/p>\n\n\n\n<p>A t\u00e1mogat\u00e1snak nagyon \u00f6r\u00fcl\u00fcnk. K\u00e9rj\u00fck vegye fel vel\u00fcnk a kapcsolatot az <strong><a href=\"mailto:info@microbitverseny.eu\">info@microbitverseny.eu<\/a><\/strong> e-mail c\u00edmen. Van olyan alap\u00edtv\u00e1nyunk, amelyhez \u00e9rkezhet p\u00e9nzbeli felaj\u00e1nl\u00e1s, az adom\u00e1nyoz\u00e1shoz t\u00e1mogat\u00f3 szerz\u0151d\u00e9st kell k\u00f6tni. <\/p>\n","protected":false},"excerpt":{"rendered":"<p>Mi az a Micro:bit? A BBC micro:bit egy kifejezetten oktat\u00e1si c\u00e9lra kifejlesztett, kism\u00e9ret\u0171, programozhat\u00f3 panel, be\u00e9p\u00edtett szenzorokkal (ir\u00e1nyt\u0171, gyorsul\u00e1sm\u00e9r\u0151, f\u00e9ny\u00e9rz\u00e9kel\u0151), LED-m\u00e1trix kijelz\u0151vel, ki\/bemeneti csatlakoz\u00f3kkal, Bluetooth technol\u00f3gi\u00e1val. Az eszk\u00f6z egyszer\u0171en haszn\u00e1lhat\u00f3, grafikus blokknyelv seg\u00edts\u00e9g\u00e9vel is programozhatjuk, hasonl\u00f3an a Scratch k\u00f6rnyezethez. Kik vehetnek r\u00e9szt a Micro:bit programoz\u00e1si versenyben? A versenyben Magyarorsz\u00e1gon m\u0171k\u00f6d\u0151 \u00e1ltal\u00e1nos iskol\u00e1k fels\u0151 tagozatos tanul\u00f3i, valamint k\u00f6z\u00e9piskol\u00e1s tanul\u00f3i vehetnek r\u00e9szt. Nevezni 2 f\u0151s csapattal lehet, \u00e1ltal\u00e1nos iskola fels\u0151 tagozatos, illetve k\u00f6z\u00e9piskol\u00e1s korcsoportban. Lehet-e vegyes koroszt\u00e1ly\u00fa a csapat? Igen. Ha egy csapatot egy fels\u0151 tagozatos \u00e9s egy k\u00f6z\u00e9piskol\u00e1s di\u00e1k alkot az adott int\u00e9zm\u00e9nyen bel\u00fcl, akkor a nevez\u00e9st a magasabb kateg\u00f3ri\u00e1ban kell beadni (k\u00f6z\u00e9piskola). Lehet-e olyan, hogy a csapattagok nem ugyanazon iskol\u00e1ba j\u00e1rnak? Nem lehet. Mindk\u00e9t csapattagnak ugyanabba az int\u00e9zm\u00e9nybe kell j\u00e1rnia. Lehet-e 1 szem\u00e9lyes, vagy 3 f\u0151s csapattal indulni? Nem lehet, a csapatoknak pontosan 2 f\u0151b\u0151l kell \u00e1llniuk. Teh\u00e1t a verseny csak a micro:bitek programoz\u00e1s\u00e1r\u00f3l sz\u00f3l? Nem igaz\u00e1n. A probl\u00e9mamegold\u00e1son van a hangs\u00faly, amelynek az eszk\u00f6ze lesz a micro:bit. A versenyz\u0151knek saj\u00e1t, kreat\u00edv feladatot is meg kell oldaniuk, dokument\u00e1lniuk kell az elk\u00e9sz\u00edtett programokat egy dokument\u00e1ci\u00f3 sablon kit\u00f6lt\u00e9s\u00e9vel, \u00e9s a kreat\u00edv feladatok eset\u00e9n vide\u00f3t is kell k\u00e9sz\u00edteni\u00fck. \u00c9s persze ami nagyon fontos, egy\u00fctt kell m\u0171k\u00f6dni\u00fck a csapatt\u00e1rsukkal, hat\u00e9konyan kell felosztaniuk egym\u00e1s k\u00f6z\u00f6tt [&hellip;]<\/p>\n","protected":false},"author":1,"featured_media":0,"parent":0,"menu_order":0,"comment_status":"closed","ping_status":"closed","template":"","meta":{"_mc_calendar":[],"footnotes":""},"class_list":["post-1946","page","type-page","status-publish","hentry"],"aioseo_notices":[],"_links":{"self":[{"href":"https:\/\/microbit.inf.elte.hu\/microbitverseny2025\/wp-json\/wp\/v2\/pages\/1946","targetHints":{"allow":["GET"]}}],"collection":[{"href":"https:\/\/microbit.inf.elte.hu\/microbitverseny2025\/wp-json\/wp\/v2\/pages"}],"about":[{"href":"https:\/\/microbit.inf.elte.hu\/microbitverseny2025\/wp-json\/wp\/v2\/types\/page"}],"author":[{"embeddable":true,"href":"https:\/\/microbit.inf.elte.hu\/microbitverseny2025\/wp-json\/wp\/v2\/users\/1"}],"replies":[{"embeddable":true,"href":"https:\/\/microbit.inf.elte.hu\/microbitverseny2025\/wp-json\/wp\/v2\/comments?post=1946"}],"version-history":[{"count":15,"href":"https:\/\/microbit.inf.elte.hu\/microbitverseny2025\/wp-json\/wp\/v2\/pages\/1946\/revisions"}],"predecessor-version":[{"id":2254,"href":"https:\/\/microbit.inf.elte.hu\/microbitverseny2025\/wp-json\/wp\/v2\/pages\/1946\/revisions\/2254"}],"wp:attachment":[{"href":"https:\/\/microbit.inf.elte.hu\/microbitverseny2025\/wp-json\/wp\/v2\/media?parent=1946"}],"curies":[{"name":"wp","href":"https:\/\/api.w.org\/{rel}","templated":true}]}}