{"id":1948,"date":"2025-01-06T18:10:41","date_gmt":"2025-01-06T17:10:41","guid":{"rendered":"https:\/\/microbitverseny.eu\/?page_id=1948"},"modified":"2025-01-23T11:13:22","modified_gmt":"2025-01-23T10:13:22","slug":"kapcsolat","status":"publish","type":"page","link":"https:\/\/microbit.inf.elte.hu\/microbitverseny2025\/kapcsolat\/","title":{"rendered":"Kapcsolat"},"content":{"rendered":"\n<p>K\u00e9rj\u00fck figyelmesen olvassa \u00e1t a port\u00e1lon k\u00f6zz\u00e9tett inform\u00e1ci\u00f3kat. <\/p>\n\n\n\n<p>Amennyiben nem tal\u00e1lta meg a v\u00e1laszt a k\u00e9rd\u00e9s\u00e9re, a szervez\u0151ket az <strong><a href=\"mailto:info@microbitverseny.eu\" title=\"\">info@microbitverseny.eu<\/a><\/strong> e-mail c\u00edmen \u00e9rheti el.<\/p>\n\n\n\n<p>Szponzori felaj\u00e1nl\u00e1sokat ugyanezen a c\u00edmen k\u00f6sz\u00f6nettel fogadunk. Van olyan alap\u00edtv\u00e1nyunk, amelyhez \u00e9rkezhet p\u00e9nzbeli felaj\u00e1nl\u00e1s is, az adom\u00e1nyoz\u00e1shoz t\u00e1mogat\u00f3 szerz\u0151d\u00e9st kell k\u00f6tn\u00fcnk.<\/p>\n","protected":false},"excerpt":{"rendered":"<p>K\u00e9rj\u00fck figyelmesen olvassa \u00e1t a port\u00e1lon k\u00f6zz\u00e9tett inform\u00e1ci\u00f3kat. Amennyiben nem tal\u00e1lta meg a v\u00e1laszt a k\u00e9rd\u00e9s\u00e9re, a szervez\u0151ket az info@microbitverseny.eu e-mail c\u00edmen \u00e9rheti el. Szponzori felaj\u00e1nl\u00e1sokat ugyanezen a c\u00edmen k\u00f6sz\u00f6nettel fogadunk. Van olyan alap\u00edtv\u00e1nyunk, amelyhez \u00e9rkezhet p\u00e9nzbeli felaj\u00e1nl\u00e1s is, az adom\u00e1nyoz\u00e1shoz t\u00e1mogat\u00f3 szerz\u0151d\u00e9st kell k\u00f6tn\u00fcnk.<\/p>\n","protected":false},"author":1,"featured_media":0,"parent":0,"menu_order":0,"comment_status":"closed","ping_status":"closed","template":"","meta":{"_mc_calendar":[],"footnotes":""},"class_list":["post-1948","page","type-page","status-publish","hentry"],"aioseo_notices":[],"_links":{"self":[{"href":"https:\/\/microbit.inf.elte.hu\/microbitverseny2025\/wp-json\/wp\/v2\/pages\/1948","targetHints":{"allow":["GET"]}}],"collection":[{"href":"https:\/\/microbit.inf.elte.hu\/microbitverseny2025\/wp-json\/wp\/v2\/pages"}],"about":[{"href":"https:\/\/microbit.inf.elte.hu\/microbitverseny2025\/wp-json\/wp\/v2\/types\/page"}],"author":[{"embeddable":true,"href":"https:\/\/microbit.inf.elte.hu\/microbitverseny2025\/wp-json\/wp\/v2\/users\/1"}],"replies":[{"embeddable":true,"href":"https:\/\/microbit.inf.elte.hu\/microbitverseny2025\/wp-json\/wp\/v2\/comments?post=1948"}],"version-history":[{"count":9,"href":"https:\/\/microbit.inf.elte.hu\/microbitverseny2025\/wp-json\/wp\/v2\/pages\/1948\/revisions"}],"predecessor-version":[{"id":2324,"href":"https:\/\/microbit.inf.elte.hu\/microbitverseny2025\/wp-json\/wp\/v2\/pages\/1948\/revisions\/2324"}],"wp:attachment":[{"href":"https:\/\/microbit.inf.elte.hu\/microbitverseny2025\/wp-json\/wp\/v2\/media?parent=1948"}],"curies":[{"name":"wp","href":"https:\/\/api.w.org\/{rel}","templated":true}]}}