{"id":2068,"date":"2025-01-08T11:54:34","date_gmt":"2025-01-08T10:54:34","guid":{"rendered":"https:\/\/microbitverseny.eu\/?page_id=2068"},"modified":"2025-01-23T13:46:09","modified_gmt":"2025-01-23T12:46:09","slug":"a-tanarod-segitsegevel-regisztraljatok-magatokat-a-versenyre","status":"publish","type":"page","link":"https:\/\/microbit.inf.elte.hu\/microbitverseny2025\/a-tanarod-segitsegevel-regisztraljatok-magatokat-a-versenyre\/","title":{"rendered":"A tan\u00e1rod seg\u00edts\u00e9g\u00e9vel nevezz\u00e9tek be magatokat a versenyre!"},"content":{"rendered":"\n<p><\/p>\n\n\n\n<figure class=\"wp-block-image size-full\"><img loading=\"lazy\" decoding=\"async\" width=\"994\" height=\"994\" src=\"https:\/\/microbit.inf.elte.hu\/microbitverseny2025\/wp-content\/uploads\/2025\/01\/urhajosoktablaval.png\" alt=\"\" class=\"wp-image-2241\" srcset=\"https:\/\/microbit.inf.elte.hu\/microbitverseny2025\/wp-content\/uploads\/2025\/01\/urhajosoktablaval.png 994w, https:\/\/microbit.inf.elte.hu\/microbitverseny2025\/wp-content\/uploads\/2025\/01\/urhajosoktablaval-300x300.png 300w, https:\/\/microbit.inf.elte.hu\/microbitverseny2025\/wp-content\/uploads\/2025\/01\/urhajosoktablaval-150x150.png 150w, https:\/\/microbit.inf.elte.hu\/microbitverseny2025\/wp-content\/uploads\/2025\/01\/urhajosoktablaval-768x768.png 768w, https:\/\/microbit.inf.elte.hu\/microbitverseny2025\/wp-content\/uploads\/2025\/01\/urhajosoktablaval-500x500.png 500w\" sizes=\"auto, (max-width: 994px) 100vw, 994px\" \/><\/figure>\n","protected":false},"excerpt":{"rendered":"","protected":false},"author":1,"featured_media":0,"parent":0,"menu_order":0,"comment_status":"closed","ping_status":"closed","template":"","meta":{"_mc_calendar":[],"footnotes":""},"class_list":["post-2068","page","type-page","status-publish","hentry"],"aioseo_notices":[],"_links":{"self":[{"href":"https:\/\/microbit.inf.elte.hu\/microbitverseny2025\/wp-json\/wp\/v2\/pages\/2068","targetHints":{"allow":["GET"]}}],"collection":[{"href":"https:\/\/microbit.inf.elte.hu\/microbitverseny2025\/wp-json\/wp\/v2\/pages"}],"about":[{"href":"https:\/\/microbit.inf.elte.hu\/microbitverseny2025\/wp-json\/wp\/v2\/types\/page"}],"author":[{"embeddable":true,"href":"https:\/\/microbit.inf.elte.hu\/microbitverseny2025\/wp-json\/wp\/v2\/users\/1"}],"replies":[{"embeddable":true,"href":"https:\/\/microbit.inf.elte.hu\/microbitverseny2025\/wp-json\/wp\/v2\/comments?post=2068"}],"version-history":[{"count":4,"href":"https:\/\/microbit.inf.elte.hu\/microbitverseny2025\/wp-json\/wp\/v2\/pages\/2068\/revisions"}],"predecessor-version":[{"id":2412,"href":"https:\/\/microbit.inf.elte.hu\/microbitverseny2025\/wp-json\/wp\/v2\/pages\/2068\/revisions\/2412"}],"wp:attachment":[{"href":"https:\/\/microbit.inf.elte.hu\/microbitverseny2025\/wp-json\/wp\/v2\/media?parent=2068"}],"curies":[{"name":"wp","href":"https:\/\/api.w.org\/{rel}","templated":true}]}}