{"id":2159,"date":"2025-01-19T19:39:12","date_gmt":"2025-01-19T18:39:12","guid":{"rendered":"https:\/\/microbitverseny.eu\/?page_id=2159"},"modified":"2025-01-22T21:10:10","modified_gmt":"2025-01-22T20:10:10","slug":"tanaroknak","status":"publish","type":"page","link":"https:\/\/microbit.inf.elte.hu\/microbitverseny2025\/tanaroknak\/","title":{"rendered":"Tan\u00e1roknak"},"content":{"rendered":"\n<p>A versenyre a felk\u00e9sz\u00edt\u0151 tan\u00e1rok nevezhetik a 2 f\u0151b\u0151l \u00e1ll\u00f3 csapatokat. Nevezni k\u00e9t kateg\u00f3ri\u00e1ban lehet, \u00e1ltal\u00e1nos iskola fels\u0151 tagozat, illetve k\u00f6z\u00e9piskola. Ha esetleg vegyes csapat alakult ki (pl. 8. oszt\u00e1lyos di\u00e1k egy 9. oszt\u00e1lyos di\u00e1kkal indul), akkor a magasabb kateg\u00f3ri\u00e1ban (k\u00f6z\u00e9piskola) kell nevezni a csapatot.<\/p>\n\n\n\n<p>A regisztr\u00e1ci\u00f3 menete:<\/p>\n\n\n\n<ol class=\"wp-block-list\">\n<li>A <a href=\"https:\/\/microbit.inf.elte.hu\/microbitverseny2025\/regisztracio\/\" title=\"Tan\u00e1ri regisztr\u00e1ci\u00f3\">regisztr\u00e1ci\u00f3s \u0171rlap<\/a> kit\u00f6lt\u00e9se a felk\u00e9sz\u00edt\u0151 tan\u00e1r \u00e1ltal<\/li>\n\n\n\n<li>Bejelentkez\u00e9s a megadott adatokkal a <a href=\"https:\/\/microbit.inf.elte.hu\/microbitverseny2025\/tanari-bejelentkezes\/\" title=\"\">Tan\u00e1ri bejelentkez\u00e9s<\/a> oldalon<\/li>\n\n\n\n<li>A <a href=\"https:\/\/microbit.inf.elte.hu\/microbitverseny2025\/csapat-nevezese\/\" title=\"\">Csapat nevez\u00e9se<\/a> men\u00fcpontban tal\u00e1lhat\u00f3 \u0171rlap kit\u00f6lt\u00e9se<\/li>\n<\/ol>\n\n\n\n<p>A p\u00e1lyamunk\u00e1kat szint\u00e9n a port\u00e1lon kell majd felt\u00f6ltenie a felk\u00e9sz\u00edt\u0151 tan\u00e1rnak.<\/p>\n\n\n\n<figure class=\"wp-block-image size-full\"><img loading=\"lazy\" decoding=\"async\" width=\"994\" height=\"994\" src=\"https:\/\/microbit.inf.elte.hu\/microbitverseny2025\/wp-content\/uploads\/2025\/01\/urhajosoktablaval.png\" alt=\"\" class=\"wp-image-2241\" srcset=\"https:\/\/microbit.inf.elte.hu\/microbitverseny2025\/wp-content\/uploads\/2025\/01\/urhajosoktablaval.png 994w, https:\/\/microbit.inf.elte.hu\/microbitverseny2025\/wp-content\/uploads\/2025\/01\/urhajosoktablaval-300x300.png 300w, https:\/\/microbit.inf.elte.hu\/microbitverseny2025\/wp-content\/uploads\/2025\/01\/urhajosoktablaval-150x150.png 150w, https:\/\/microbit.inf.elte.hu\/microbitverseny2025\/wp-content\/uploads\/2025\/01\/urhajosoktablaval-768x768.png 768w, https:\/\/microbit.inf.elte.hu\/microbitverseny2025\/wp-content\/uploads\/2025\/01\/urhajosoktablaval-500x500.png 500w\" sizes=\"auto, (max-width: 994px) 100vw, 994px\" \/><\/figure>\n","protected":false},"excerpt":{"rendered":"<p>A versenyre a felk\u00e9sz\u00edt\u0151 tan\u00e1rok nevezhetik a 2 f\u0151b\u0151l \u00e1ll\u00f3 csapatokat. Nevezni k\u00e9t kateg\u00f3ri\u00e1ban lehet, \u00e1ltal\u00e1nos iskola fels\u0151 tagozat, illetve k\u00f6z\u00e9piskola. Ha esetleg vegyes csapat alakult ki (pl. 8. oszt\u00e1lyos di\u00e1k egy 9. oszt\u00e1lyos di\u00e1kkal indul), akkor a magasabb kateg\u00f3ri\u00e1ban (k\u00f6z\u00e9piskola) kell nevezni a csapatot. A regisztr\u00e1ci\u00f3 menete: A p\u00e1lyamunk\u00e1kat szint\u00e9n a port\u00e1lon kell majd felt\u00f6ltenie a felk\u00e9sz\u00edt\u0151 tan\u00e1rnak.<\/p>\n","protected":false},"author":1,"featured_media":0,"parent":0,"menu_order":0,"comment_status":"closed","ping_status":"closed","template":"","meta":{"_mc_calendar":[],"footnotes":""},"class_list":["post-2159","page","type-page","status-publish","hentry"],"aioseo_notices":[],"_links":{"self":[{"href":"https:\/\/microbit.inf.elte.hu\/microbitverseny2025\/wp-json\/wp\/v2\/pages\/2159","targetHints":{"allow":["GET"]}}],"collection":[{"href":"https:\/\/microbit.inf.elte.hu\/microbitverseny2025\/wp-json\/wp\/v2\/pages"}],"about":[{"href":"https:\/\/microbit.inf.elte.hu\/microbitverseny2025\/wp-json\/wp\/v2\/types\/page"}],"author":[{"embeddable":true,"href":"https:\/\/microbit.inf.elte.hu\/microbitverseny2025\/wp-json\/wp\/v2\/users\/1"}],"replies":[{"embeddable":true,"href":"https:\/\/microbit.inf.elte.hu\/microbitverseny2025\/wp-json\/wp\/v2\/comments?post=2159"}],"version-history":[{"count":4,"href":"https:\/\/microbit.inf.elte.hu\/microbitverseny2025\/wp-json\/wp\/v2\/pages\/2159\/revisions"}],"predecessor-version":[{"id":2308,"href":"https:\/\/microbit.inf.elte.hu\/microbitverseny2025\/wp-json\/wp\/v2\/pages\/2159\/revisions\/2308"}],"wp:attachment":[{"href":"https:\/\/microbit.inf.elte.hu\/microbitverseny2025\/wp-json\/wp\/v2\/media?parent=2159"}],"curies":[{"name":"wp","href":"https:\/\/api.w.org\/{rel}","templated":true}]}}