{"id":2210,"date":"2025-01-21T11:17:52","date_gmt":"2025-01-21T10:17:52","guid":{"rendered":"https:\/\/microbitverseny.eu\/?page_id=2210"},"modified":"2025-04-16T10:35:13","modified_gmt":"2025-04-16T09:35:13","slug":"csapat-nevezese","status":"publish","type":"page","link":"https:\/\/microbit.inf.elte.hu\/microbitverseny2025\/csapat-nevezese\/","title":{"rendered":"Csapat nevez\u00e9se"},"content":{"rendered":"<div class=\"members-access-error\">Ezt a tartalmat csak a tan\u00e1ri regisztr\u00e1ci\u00f3, majd bejelentkez\u00e9s ut\u00e1n l\u00e1thatja.<\/div>\n","protected":false},"excerpt":{"rendered":"<div class=\"members-access-error\">Ezt a tartalmat csak a tan\u00e1ri regisztr\u00e1ci\u00f3, majd bejelentkez\u00e9s ut\u00e1n l\u00e1thatja.<\/div>\n","protected":false},"author":1,"featured_media":0,"parent":0,"menu_order":0,"comment_status":"closed","ping_status":"closed","template":"","meta":{"_mc_calendar":[],"footnotes":""},"class_list":["post-2210","page","type-page","status-publish","hentry"],"aioseo_notices":[],"_links":{"self":[{"href":"https:\/\/microbit.inf.elte.hu\/microbitverseny2025\/wp-json\/wp\/v2\/pages\/2210","targetHints":{"allow":["GET"]}}],"collection":[{"href":"https:\/\/microbit.inf.elte.hu\/microbitverseny2025\/wp-json\/wp\/v2\/pages"}],"about":[{"href":"https:\/\/microbit.inf.elte.hu\/microbitverseny2025\/wp-json\/wp\/v2\/types\/page"}],"author":[{"embeddable":true,"href":"https:\/\/microbit.inf.elte.hu\/microbitverseny2025\/wp-json\/wp\/v2\/users\/1"}],"replies":[{"embeddable":true,"href":"https:\/\/microbit.inf.elte.hu\/microbitverseny2025\/wp-json\/wp\/v2\/comments?post=2210"}],"version-history":[{"count":2,"href":"https:\/\/microbit.inf.elte.hu\/microbitverseny2025\/wp-json\/wp\/v2\/pages\/2210\/revisions"}],"predecessor-version":[{"id":2481,"href":"https:\/\/microbit.inf.elte.hu\/microbitverseny2025\/wp-json\/wp\/v2\/pages\/2210\/revisions\/2481"}],"wp:attachment":[{"href":"https:\/\/microbit.inf.elte.hu\/microbitverseny2025\/wp-json\/wp\/v2\/media?parent=2210"}],"curies":[{"name":"wp","href":"https:\/\/api.w.org\/{rel}","templated":true}]}}