{"id":2304,"date":"2025-01-22T20:29:16","date_gmt":"2025-01-22T19:29:16","guid":{"rendered":"https:\/\/microbitverseny.eu\/?page_id=2304"},"modified":"2025-01-22T20:29:16","modified_gmt":"2025-01-22T19:29:16","slug":"tanari-bejelentkezes","status":"publish","type":"page","link":"https:\/\/microbit.inf.elte.hu\/microbitverseny2025\/tanari-bejelentkezes\/","title":{"rendered":"Tan\u00e1ri bejelentkez\u00e9s"},"content":{"rendered":"\n<div class=\"forminator-guttenberg\"><div class=\"forminator-ui forminator-custom-form forminator-custom-form-2303 forminator-design--default  forminator_ajax\" data-forminator-render=\"0\" data-form=\"forminator-module-2303\" data-uid=\"69d62788e49f9\"><br\/><\/div><form\n\t\t\t\tid=\"forminator-module-2303\"\n\t\t\t\tclass=\"forminator-ui forminator-custom-form forminator-custom-form-2303 forminator-design--default  forminator_ajax\"\n\t\t\t\tmethod=\"post\"\n\t\t\t\tdata-forminator-render=\"0\"\n\t\t\t\tdata-form-id=\"2303\"\n\t\t\t\t data-color-option=\"theme\" data-design=\"default\" data-grid=\"open\" style=\"display: none;\"\n\t\t\t\tdata-uid=\"69d62788e49f9\"\n\t\t\t><div role=\"alert\" aria-live=\"polite\" class=\"forminator-response-message forminator-error\" aria-hidden=\"true\"><\/div><div class=\"forminator-row\"><div id=\"text-1\" class=\"forminator-field-text forminator-col forminator-col-12 \"><div class=\"forminator-field\"><label for=\"forminator-field-text-1_69d62788e49f9\" id=\"forminator-field-text-1_69d62788e49f9-label\" class=\"forminator-label\">Felhaszn\u00e1l\u00f3i n\u00e9v <span class=\"forminator-required\">*<\/span><\/label><input type=\"text\" name=\"text-1\" value=\"\" placeholder=\"Felhaszn\u00e1l\u00f3i n\u00e9v\" id=\"forminator-field-text-1_69d62788e49f9\" class=\"forminator-input forminator-name--field\" data-required=\"1\" \/><\/div><\/div><\/div><div class=\"forminator-row\"><div id=\"password-1\" class=\"forminator-field-password forminator-col forminator-col-12 \"><div class=\"forminator-field\"><label for=\"forminator-field-password-1_69d62788e49f9\" id=\"forminator-field-password-1_69d62788e49f9-label\" class=\"forminator-label\">Jelsz\u00f3 <span class=\"forminator-required\">*<\/span><\/label><input name=\"password-1\" value=\"\" placeholder=\"Adja meg a jelszav\u00e1t\" id=\"forminator-field-password-1_69d62788e49f9\" class=\"forminator-input forminator-name--field\" data-required=\"true\" type=\"password\" aria-describedby=\"forminator-field-password-1_69d62788e49f9-description\" \/><\/div><div class=\"forminator-description forminator-description-password\" id=\"forminator-field-password-1_69d62788e49f9-description\"><p><a href=\"https:\/\/microbit.inf.elte.hu\/microbitverseny2025\/wp-login.php?action=lostpassword\">Elfelejtettem a jelszavam, \u00fajat ig\u00e9nylek<\/a><\/p><\/div><\/div><\/div><div class=\"forminator-row\"><div id=\"checkbox-1\" class=\"forminator-field-checkbox forminator-col forminator-col-12  remember-me\"><div role=\"group\" class=\"forminator-field\" aria-labelledby=\"forminator-checkbox-group-forminator-field-checkbox-1-69d62788e49f9-label\"><label id=\"forminator-field-checkbox-1-1-69d62788e49f9-label\" for=\"forminator-field-checkbox-1-1-69d62788e49f9\" class=\"forminator-checkbox\" title=\"Eml\u00e9kezz r\u00e1m\"><input type=\"checkbox\" name=\"checkbox-1[]\" value=\"remember-me\" id=\"forminator-field-checkbox-1-1-69d62788e49f9\" aria-labelledby=\"forminator-field-checkbox-1-1-69d62788e49f9-label\" data-calculation=\"0\"  \/><span class=\"forminator-checkbox-box\" aria-hidden=\"true\"><\/span><span class=\"forminator-checkbox-label\">Eml\u00e9kezz r\u00e1m<\/span><\/label><\/div><\/div><\/div><input type=\"hidden\" name=\"referer_url\" value=\"\" \/><div class=\"forminator-row forminator-row-last\"><div class=\"forminator-col\"><div class=\"forminator-field\"><button class=\"forminator-button forminator-button-submit\">Bejelentkez&eacute;s<\/button><\/div><\/div><\/div><input type=\"hidden\" id=\"forminator_nonce\" name=\"forminator_nonce\" value=\"42db10aec0\" \/><input type=\"hidden\" name=\"_wp_http_referer\" value=\"\/microbitverseny2025\/wp-json\/wp\/v2\/pages\/2304\" \/><input type=\"hidden\" name=\"form_id\" value=\"2303\"><input type=\"hidden\" name=\"page_id\" value=\"2304\"><input type=\"hidden\" name=\"form_type\" value=\"login\"><input type=\"hidden\" name=\"current_url\" value=\"https:\/\/microbit.inf.elte.hu\/microbitverseny2025\/tanari-bejelentkezes\/\"><input type=\"hidden\" name=\"render_id\" value=\"0\"><input type=\"hidden\" name=\"redirect_to\" value=\"https:\/\/microbit.inf.elte.hu\/microbitverseny2025\/wp-admin\/\"><input type=\"hidden\" name=\"action\" value=\"forminator_submit_form_custom-forms\"><\/form><\/div>\n","protected":false},"excerpt":{"rendered":"","protected":false},"author":1,"featured_media":0,"parent":0,"menu_order":0,"comment_status":"closed","ping_status":"closed","template":"","meta":{"_mc_calendar":[],"footnotes":""},"class_list":["post-2304","page","type-page","status-publish","hentry"],"aioseo_notices":[],"_links":{"self":[{"href":"https:\/\/microbit.inf.elte.hu\/microbitverseny2025\/wp-json\/wp\/v2\/pages\/2304","targetHints":{"allow":["GET"]}}],"collection":[{"href":"https:\/\/microbit.inf.elte.hu\/microbitverseny2025\/wp-json\/wp\/v2\/pages"}],"about":[{"href":"https:\/\/microbit.inf.elte.hu\/microbitverseny2025\/wp-json\/wp\/v2\/types\/page"}],"author":[{"embeddable":true,"href":"https:\/\/microbit.inf.elte.hu\/microbitverseny2025\/wp-json\/wp\/v2\/users\/1"}],"replies":[{"embeddable":true,"href":"https:\/\/microbit.inf.elte.hu\/microbitverseny2025\/wp-json\/wp\/v2\/comments?post=2304"}],"version-history":[{"count":1,"href":"https:\/\/microbit.inf.elte.hu\/microbitverseny2025\/wp-json\/wp\/v2\/pages\/2304\/revisions"}],"predecessor-version":[{"id":2305,"href":"https:\/\/microbit.inf.elte.hu\/microbitverseny2025\/wp-json\/wp\/v2\/pages\/2304\/revisions\/2305"}],"wp:attachment":[{"href":"https:\/\/microbit.inf.elte.hu\/microbitverseny2025\/wp-json\/wp\/v2\/media?parent=2304"}],"curies":[{"name":"wp","href":"https:\/\/api.w.org\/{rel}","templated":true}]}}