{"id":2352,"date":"2025-01-23T11:55:20","date_gmt":"2025-01-23T10:55:20","guid":{"rendered":"https:\/\/microbitverseny.eu\/?page_id=2352"},"modified":"2025-01-23T12:17:56","modified_gmt":"2025-01-23T11:17:56","slug":"szponzorok","status":"publish","type":"page","link":"https:\/\/microbit.inf.elte.hu\/microbitverseny2025\/szponzorok\/","title":{"rendered":"Szponzorok"},"content":{"rendered":"\n<div class=\"wp-block-group is-vertical is-layout-flex wp-container-core-group-is-layout-1 wp-block-group-is-layout-flex\">\n<p class=\"has-text-align-center\"><strong>Verseny\u00fcnk nem j\u00f6hetett volna l\u00e9tre az al\u00e1bbi t\u00e1mogat\u00f3ink n\u00e9lk\u00fcl.  <\/strong><\/p>\n\n\n\n<p class=\"has-text-align-center\"><\/p>\n<\/div>\n\n\n\n<div class=\"wp-block-columns is-layout-flex wp-container-core-columns-is-layout-1 wp-block-columns-is-layout-flex\">\n<div class=\"wp-block-column is-layout-flow wp-block-column-is-layout-flow\">\n<figure class=\"wp-block-image size-full\"><a href=\"https:\/\/careers.arm.com\/hungary-budapest-office\" target=\"_blank\" rel=\" noreferrer noopener\"><img loading=\"lazy\" decoding=\"async\" width=\"372\" height=\"216\" src=\"https:\/\/microbit.inf.elte.hu\/microbitverseny2025\/wp-content\/uploads\/2025\/01\/Arm-logo-reverse-white.png\" alt=\"\" class=\"wp-image-2110\" srcset=\"https:\/\/microbit.inf.elte.hu\/microbitverseny2025\/wp-content\/uploads\/2025\/01\/Arm-logo-reverse-white.png 372w, https:\/\/microbit.inf.elte.hu\/microbitverseny2025\/wp-content\/uploads\/2025\/01\/Arm-logo-reverse-white-300x174.png 300w\" sizes=\"auto, (max-width: 372px) 100vw, 372px\" \/><\/a><\/figure>\n\n\n\n<figure class=\"wp-block-image size-full\"><a href=\"https:\/\/www.pi-shop.hu\/\" target=\"_blank\" rel=\" noreferrer noopener\"><img loading=\"lazy\" decoding=\"async\" width=\"784\" height=\"140\" src=\"https:\/\/microbit.inf.elte.hu\/microbitverseny2025\/wp-content\/uploads\/2025\/01\/Pi-Shop_785x140.png\" alt=\"\" class=\"wp-image-2335\" srcset=\"https:\/\/microbit.inf.elte.hu\/microbitverseny2025\/wp-content\/uploads\/2025\/01\/Pi-Shop_785x140.png 784w, https:\/\/microbit.inf.elte.hu\/microbitverseny2025\/wp-content\/uploads\/2025\/01\/Pi-Shop_785x140-300x54.png 300w, https:\/\/microbit.inf.elte.hu\/microbitverseny2025\/wp-content\/uploads\/2025\/01\/Pi-Shop_785x140-768x137.png 768w\" sizes=\"auto, (max-width: 784px) 100vw, 784px\" \/><\/a><\/figure>\n<\/div>\n\n\n\n<div class=\"wp-block-column is-layout-flow wp-block-column-is-layout-flow\">\n<figure class=\"wp-block-image size-full\"><a href=\"https:\/\/malnapc.hu\/\" target=\"_blank\" rel=\" noreferrer noopener\"><img loading=\"lazy\" decoding=\"async\" width=\"579\" height=\"200\" src=\"https:\/\/microbit.inf.elte.hu\/microbitverseny2025\/wp-content\/uploads\/2025\/01\/Malna_PC_579x200.png\" alt=\"\" class=\"wp-image-2327\" srcset=\"https:\/\/microbit.inf.elte.hu\/microbitverseny2025\/wp-content\/uploads\/2025\/01\/Malna_PC_579x200.png 579w, https:\/\/microbit.inf.elte.hu\/microbitverseny2025\/wp-content\/uploads\/2025\/01\/Malna_PC_579x200-300x104.png 300w\" sizes=\"auto, (max-width: 579px) 100vw, 579px\" \/><\/a><\/figure>\n\n\n\n<figure class=\"wp-block-image size-full\"><a href=\"https:\/\/www.vigvari.hu\/\" target=\"_blank\" rel=\" noreferrer noopener\"><img loading=\"lazy\" decoding=\"async\" width=\"456\" height=\"123\" src=\"https:\/\/microbit.inf.elte.hu\/microbitverseny2025\/wp-content\/uploads\/2025\/01\/vigvari.png\" alt=\"\" class=\"wp-image-2109\" srcset=\"https:\/\/microbit.inf.elte.hu\/microbitverseny2025\/wp-content\/uploads\/2025\/01\/vigvari.png 456w, https:\/\/microbit.inf.elte.hu\/microbitverseny2025\/wp-content\/uploads\/2025\/01\/vigvari-300x81.png 300w\" sizes=\"auto, (max-width: 456px) 100vw, 456px\" \/><\/a><\/figure>\n\n\n\n<figure class=\"wp-block-image size-full\"><a href=\"https:\/\/www.inf.elte.hu\/\" target=\"_blank\" rel=\" noreferrer noopener\"><img loading=\"lazy\" decoding=\"async\" width=\"319\" height=\"103\" src=\"https:\/\/microbit.inf.elte.hu\/microbitverseny2025\/wp-content\/uploads\/2025\/01\/ELTE_IK.png\" alt=\"ELTE IK log\u00f3\" class=\"wp-image-2199\" srcset=\"https:\/\/microbit.inf.elte.hu\/microbitverseny2025\/wp-content\/uploads\/2025\/01\/ELTE_IK.png 319w, https:\/\/microbit.inf.elte.hu\/microbitverseny2025\/wp-content\/uploads\/2025\/01\/ELTE_IK-300x97.png 300w\" sizes=\"auto, (max-width: 319px) 100vw, 319px\" \/><\/a><\/figure>\n<\/div>\n<\/div>\n\n\n\n<p><\/p>\n","protected":false},"excerpt":{"rendered":"<p>Verseny\u00fcnk nem j\u00f6hetett volna l\u00e9tre az al\u00e1bbi t\u00e1mogat\u00f3ink n\u00e9lk\u00fcl.<\/p>\n","protected":false},"author":1,"featured_media":0,"parent":0,"menu_order":0,"comment_status":"closed","ping_status":"closed","template":"","meta":{"_mc_calendar":[],"footnotes":""},"class_list":["post-2352","page","type-page","status-publish","hentry"],"aioseo_notices":[],"_links":{"self":[{"href":"https:\/\/microbit.inf.elte.hu\/microbitverseny2025\/wp-json\/wp\/v2\/pages\/2352","targetHints":{"allow":["GET"]}}],"collection":[{"href":"https:\/\/microbit.inf.elte.hu\/microbitverseny2025\/wp-json\/wp\/v2\/pages"}],"about":[{"href":"https:\/\/microbit.inf.elte.hu\/microbitverseny2025\/wp-json\/wp\/v2\/types\/page"}],"author":[{"embeddable":true,"href":"https:\/\/microbit.inf.elte.hu\/microbitverseny2025\/wp-json\/wp\/v2\/users\/1"}],"replies":[{"embeddable":true,"href":"https:\/\/microbit.inf.elte.hu\/microbitverseny2025\/wp-json\/wp\/v2\/comments?post=2352"}],"version-history":[{"count":10,"href":"https:\/\/microbit.inf.elte.hu\/microbitverseny2025\/wp-json\/wp\/v2\/pages\/2352\/revisions"}],"predecessor-version":[{"id":2427,"href":"https:\/\/microbit.inf.elte.hu\/microbitverseny2025\/wp-json\/wp\/v2\/pages\/2352\/revisions\/2427"}],"wp:attachment":[{"href":"https:\/\/microbit.inf.elte.hu\/microbitverseny2025\/wp-json\/wp\/v2\/media?parent=2352"}],"curies":[{"name":"wp","href":"https:\/\/api.w.org\/{rel}","templated":true}]}}