{"id":2423,"date":"2025-01-24T08:05:53","date_gmt":"2025-01-24T07:05:53","guid":{"rendered":"https:\/\/microbitverseny.eu\/?page_id=2423"},"modified":"2025-01-24T08:08:26","modified_gmt":"2025-01-24T07:08:26","slug":"segedanyagok","status":"publish","type":"page","link":"https:\/\/microbit.inf.elte.hu\/microbitverseny2025\/segedanyagok\/","title":{"rendered":"Seg\u00e9danyagok"},"content":{"rendered":"<div class=\"members-access-error\">Ezt a tartalmat csak a tan\u00e1ri regisztr\u00e1ci\u00f3, majd bejelentkez\u00e9s ut\u00e1n l\u00e1thatja.<\/div>\n","protected":false},"excerpt":{"rendered":"<div class=\"members-access-error\">Ezt a tartalmat csak a tan\u00e1ri regisztr\u00e1ci\u00f3, majd bejelentkez\u00e9s ut\u00e1n l\u00e1thatja.<\/div>\n","protected":false},"author":1,"featured_media":0,"parent":0,"menu_order":0,"comment_status":"closed","ping_status":"closed","template":"","meta":{"_mc_calendar":[],"footnotes":""},"class_list":["post-2423","page","type-page","status-publish","hentry"],"aioseo_notices":[],"_links":{"self":[{"href":"https:\/\/microbit.inf.elte.hu\/microbitverseny2025\/wp-json\/wp\/v2\/pages\/2423","targetHints":{"allow":["GET"]}}],"collection":[{"href":"https:\/\/microbit.inf.elte.hu\/microbitverseny2025\/wp-json\/wp\/v2\/pages"}],"about":[{"href":"https:\/\/microbit.inf.elte.hu\/microbitverseny2025\/wp-json\/wp\/v2\/types\/page"}],"author":[{"embeddable":true,"href":"https:\/\/microbit.inf.elte.hu\/microbitverseny2025\/wp-json\/wp\/v2\/users\/1"}],"replies":[{"embeddable":true,"href":"https:\/\/microbit.inf.elte.hu\/microbitverseny2025\/wp-json\/wp\/v2\/comments?post=2423"}],"version-history":[{"count":2,"href":"https:\/\/microbit.inf.elte.hu\/microbitverseny2025\/wp-json\/wp\/v2\/pages\/2423\/revisions"}],"predecessor-version":[{"id":2426,"href":"https:\/\/microbit.inf.elte.hu\/microbitverseny2025\/wp-json\/wp\/v2\/pages\/2423\/revisions\/2426"}],"wp:attachment":[{"href":"https:\/\/microbit.inf.elte.hu\/microbitverseny2025\/wp-json\/wp\/v2\/media?parent=2423"}],"curies":[{"name":"wp","href":"https:\/\/api.w.org\/{rel}","templated":true}]}}