{"id":2434,"date":"2025-02-14T16:22:13","date_gmt":"2025-02-14T15:22:13","guid":{"rendered":"https:\/\/microbitverseny.eu\/?page_id=2434"},"modified":"2025-03-07T13:33:18","modified_gmt":"2025-03-07T12:33:18","slug":"dokumentacio","status":"publish","type":"page","link":"https:\/\/microbit.inf.elte.hu\/microbitverseny2025\/dokumentacio\/","title":{"rendered":"Dokument\u00e1ci\u00f3"},"content":{"rendered":"\n<p><strong>Kedves Versenyz\u0151k \u00e9s Felk\u00e9sz\u00edt\u0151 tan\u00e1rok!<\/strong><\/p>\n\n\n\n<p>A dokument\u00e1ci\u00f3t az al\u00e1bbi, let\u00f6lthet\u0151 sablon alapj\u00e1n kell elk\u00e9sz\u00edteni:<\/p>\n\n\n\n<p><a download=\"\" href=\"https:\/\/microbit.inf.elte.hu\/microbitverseny2025\/wp-content\/uploads\/2025\/02\/dokumentacio_microbit_v1.docx\"><strong>dokumentacio_microbit_v1.docx<\/strong><\/a><\/p>\n\n\n\n<p>A micro:bitekre r\u00e1t\u00f6ltend\u0151 \u00e1llom\u00e1nyokat, valamint a kapcsol\u00f3d\u00f3 vide\u00f3\u00e1llom\u00e1nyokat az al\u00e1bbi t\u00f6m\u00f6r\u00edtett \u00e1llom\u00e1nyban tal\u00e1lhat\u00f3 mappastrukt\u00far\u00e1ban kell elhelyezni: <a href=\"https:\/\/microbit.inf.elte.hu\/microbitverseny2025\/wp-content\/uploads\/2025\/03\/melleklet.zip\" title=\"\">melleklet.zip<\/a><\/p>\n\n\n\n<p>Miut\u00e1n minden bek\u00fcldend\u0151 feladat elhelyez\u00e9sre ker\u00fclt a mappaszerkezetben, a mapp\u00e1t be kell t\u00f6m\u00f6r\u00edteni ZIP t\u00f6m\u00f6r\u00edt\u00e9ssel, \u00e9s azt kell majd felt\u00f6lteni megold\u00e1sk\u00e9nt a felk\u00e9sz\u00edt\u0151 tan\u00e1r seg\u00edts\u00e9g\u00e9vel.<\/p>\n\n\n\n<figure class=\"wp-block-image size-full\"><img loading=\"lazy\" decoding=\"async\" width=\"1024\" height=\"1024\" src=\"https:\/\/microbit.inf.elte.hu\/microbitverseny2025\/wp-content\/uploads\/2025\/02\/dokumentaciov2.png\" alt=\"\" class=\"wp-image-2444\" srcset=\"https:\/\/microbit.inf.elte.hu\/microbitverseny2025\/wp-content\/uploads\/2025\/02\/dokumentaciov2.png 1024w, https:\/\/microbit.inf.elte.hu\/microbitverseny2025\/wp-content\/uploads\/2025\/02\/dokumentaciov2-300x300.png 300w, https:\/\/microbit.inf.elte.hu\/microbitverseny2025\/wp-content\/uploads\/2025\/02\/dokumentaciov2-150x150.png 150w, https:\/\/microbit.inf.elte.hu\/microbitverseny2025\/wp-content\/uploads\/2025\/02\/dokumentaciov2-768x768.png 768w, https:\/\/microbit.inf.elte.hu\/microbitverseny2025\/wp-content\/uploads\/2025\/02\/dokumentaciov2-500x500.png 500w\" sizes=\"auto, (max-width: 1024px) 100vw, 1024px\" \/><\/figure>\n","protected":false},"excerpt":{"rendered":"<p>Kedves Versenyz\u0151k \u00e9s Felk\u00e9sz\u00edt\u0151 tan\u00e1rok! A dokument\u00e1ci\u00f3t az al\u00e1bbi, let\u00f6lthet\u0151 sablon alapj\u00e1n kell elk\u00e9sz\u00edteni: dokumentacio_microbit_v1.docx A micro:bitekre r\u00e1t\u00f6ltend\u0151 \u00e1llom\u00e1nyokat, valamint a kapcsol\u00f3d\u00f3 vide\u00f3\u00e1llom\u00e1nyokat az al\u00e1bbi t\u00f6m\u00f6r\u00edtett \u00e1llom\u00e1nyban tal\u00e1lhat\u00f3 mappastrukt\u00far\u00e1ban kell elhelyezni: melleklet.zip Miut\u00e1n minden bek\u00fcldend\u0151 feladat elhelyez\u00e9sre ker\u00fclt a mappaszerkezetben, a mapp\u00e1t be kell t\u00f6m\u00f6r\u00edteni ZIP t\u00f6m\u00f6r\u00edt\u00e9ssel, \u00e9s azt kell majd felt\u00f6lteni megold\u00e1sk\u00e9nt a felk\u00e9sz\u00edt\u0151 tan\u00e1r seg\u00edts\u00e9g\u00e9vel.<\/p>\n","protected":false},"author":1,"featured_media":0,"parent":0,"menu_order":0,"comment_status":"closed","ping_status":"closed","template":"","meta":{"_mc_calendar":[],"footnotes":""},"class_list":["post-2434","page","type-page","status-publish","hentry"],"aioseo_notices":[],"_links":{"self":[{"href":"https:\/\/microbit.inf.elte.hu\/microbitverseny2025\/wp-json\/wp\/v2\/pages\/2434","targetHints":{"allow":["GET"]}}],"collection":[{"href":"https:\/\/microbit.inf.elte.hu\/microbitverseny2025\/wp-json\/wp\/v2\/pages"}],"about":[{"href":"https:\/\/microbit.inf.elte.hu\/microbitverseny2025\/wp-json\/wp\/v2\/types\/page"}],"author":[{"embeddable":true,"href":"https:\/\/microbit.inf.elte.hu\/microbitverseny2025\/wp-json\/wp\/v2\/users\/1"}],"replies":[{"embeddable":true,"href":"https:\/\/microbit.inf.elte.hu\/microbitverseny2025\/wp-json\/wp\/v2\/comments?post=2434"}],"version-history":[{"count":9,"href":"https:\/\/microbit.inf.elte.hu\/microbitverseny2025\/wp-json\/wp\/v2\/pages\/2434\/revisions"}],"predecessor-version":[{"id":2462,"href":"https:\/\/microbit.inf.elte.hu\/microbitverseny2025\/wp-json\/wp\/v2\/pages\/2434\/revisions\/2462"}],"wp:attachment":[{"href":"https:\/\/microbit.inf.elte.hu\/microbitverseny2025\/wp-json\/wp\/v2\/media?parent=2434"}],"curies":[{"name":"wp","href":"https:\/\/api.w.org\/{rel}","templated":true}]}}