{"id":2455,"date":"2025-03-07T13:03:16","date_gmt":"2025-03-07T12:03:16","guid":{"rendered":"https:\/\/microbitverseny.eu\/?page_id=2455"},"modified":"2025-04-16T10:33:58","modified_gmt":"2025-04-16T09:33:58","slug":"feladat-bekuldese","status":"publish","type":"page","link":"https:\/\/microbit.inf.elte.hu\/microbitverseny2025\/feladat-bekuldese\/","title":{"rendered":"Feladat bek\u00fcld\u00e9se"},"content":{"rendered":"\n<p>A feladatok bek\u00fcld\u00e9si hat\u00e1rideje lej\u00e1rt. <\/p>\n\n\n\n<p><\/p>\n","protected":false},"excerpt":{"rendered":"<p>A feladatok bek\u00fcld\u00e9si hat\u00e1rideje lej\u00e1rt.<\/p>\n","protected":false},"author":1,"featured_media":0,"parent":0,"menu_order":0,"comment_status":"closed","ping_status":"closed","template":"","meta":{"_mc_calendar":[],"footnotes":""},"class_list":["post-2455","page","type-page","status-publish","hentry"],"aioseo_notices":[],"_links":{"self":[{"href":"https:\/\/microbit.inf.elte.hu\/microbitverseny2025\/wp-json\/wp\/v2\/pages\/2455","targetHints":{"allow":["GET"]}}],"collection":[{"href":"https:\/\/microbit.inf.elte.hu\/microbitverseny2025\/wp-json\/wp\/v2\/pages"}],"about":[{"href":"https:\/\/microbit.inf.elte.hu\/microbitverseny2025\/wp-json\/wp\/v2\/types\/page"}],"author":[{"embeddable":true,"href":"https:\/\/microbit.inf.elte.hu\/microbitverseny2025\/wp-json\/wp\/v2\/users\/1"}],"replies":[{"embeddable":true,"href":"https:\/\/microbit.inf.elte.hu\/microbitverseny2025\/wp-json\/wp\/v2\/comments?post=2455"}],"version-history":[{"count":2,"href":"https:\/\/microbit.inf.elte.hu\/microbitverseny2025\/wp-json\/wp\/v2\/pages\/2455\/revisions"}],"predecessor-version":[{"id":2480,"href":"https:\/\/microbit.inf.elte.hu\/microbitverseny2025\/wp-json\/wp\/v2\/pages\/2455\/revisions\/2480"}],"wp:attachment":[{"href":"https:\/\/microbit.inf.elte.hu\/microbitverseny2025\/wp-json\/wp\/v2\/media?parent=2455"}],"curies":[{"name":"wp","href":"https:\/\/api.w.org\/{rel}","templated":true}]}}